{"id":3,"date":"2023-08-02T13:26:48","date_gmt":"2023-08-02T13:26:48","guid":{"rendered":"http:\/\/solymarshop.com\/?page_id=3"},"modified":"2023-11-17T21:06:38","modified_gmt":"2023-11-17T21:06:38","slug":"politica-privacidad","status":"publish","type":"page","link":"https:\/\/solymarshop.com\/?page_id=3","title":{"rendered":"T\u00e9rminos y Condiciones"},"content":{"rendered":"\n<h3 class=\"wp-block-heading\">T\u00e9rminos y condiciones<\/h3>\n\n\n\n<p>Gracias por acceder al Sitio web de solymarshop.com propiedad de FUTURO FINANCIERO S.R.L., al ingresar, usted est\u00e1 aceptando los t\u00e9rminos y condiciones que se detallan a continuaci\u00f3n:<\/p>\n\n\n\n<p>\u2013 El usuario acepta los t\u00e9rminos y condiciones espec\u00edficos que encontrar\u00e1 en el sitio para la compra online. o para las diferentes promociones que se anuncien.<\/p>\n\n\n\n<p>\u2013 En donde corresponda ser\u00e1n presentados \u201cT\u00e9rminos y condiciones\u201d por separado para concursos y promociones los cuales le ser\u00e1n debidamente notificados y Usted, en caso de participar, deber\u00e1 aceptar.<\/p>\n\n\n\n<p>\u2013 SOLYMAR, no traspasar\u00e1, bajo ninguna modalidad, datos personales de los clientes o de los usuarios registrados en el sitio o de los recabados a trav\u00e9s de sus formularios de contacto\u201d, asegurando que estos ser\u00e1n manejados en forma absolutamente confidencial y conforme lo dispone la legislaci\u00f3n vigente.<\/p>\n\n\n\n<p>\u2013 El usuario dispondr\u00e1 en todo momento de los derechos de informaci\u00f3n, rectificaci\u00f3n y cancelaci\u00f3n de los datos personales conforme a la Ley N\u00ba 25.326 sobre protecci\u00f3n de datos personales., para ello deber\u00e1 dirigirse por escrito a Av. Champagnat 3806, Mar del Plata, Provincia de Buenos Aires.<\/p>\n\n\n\n<p>\u2013 El Sitio puede contener links a otros sitios. SOLYMAR. no es responsable de las pr\u00e1cticas de seguridad o privacidad, o el contenido de esos Sitios. Asimismo, La SOLYMAR no avala ning\u00fan producto o servicio ofrecido en dichos sitios.<\/p>\n\n\n\n<p>\u2013 Los contenidos del sitio relativas a los productos de SOLYMAR como as\u00ed tambi\u00e9n la informaci\u00f3n, marcas, nombres comerciales, designaciones, datos, textos gr\u00e1ficos, im\u00e1genes, fotograf\u00edas, audio y video clips, logotipos, iconos, programas, bases de datos, redes, archivos que permiten al usuario acceder y usar su cuenta, son de propiedad de FUTURO FINANCIERO SRL. y est\u00e1 prohibido el uso indebido y la reproducci\u00f3n total o parcial de acuerdo con la ley 11.723 que rigen los derechos de propiedad.<\/p>\n\n\n\n<p>\u2013 SOLYMAR realiza sus mejores esfuerzos por mantener y mejorar la calidad de su Sitio web, sin embargo no garantiza el acceso y uso continuado e ininterrumpido de su Sitio.<\/p>\n\n\n\n<p>\u2013 SOLYMAR&nbsp;&nbsp;tampoco garantiza la inexistencia de eventuales dificultades t\u00e9cnicas o fallas en los sistemas o en Internet y que el sitio se encuentre libre de virus o cualquier otro elemento que pueda llegar a da\u00f1ar o alterar el normal funcionamiento de un ordenador. Es responsabilidad y obligaci\u00f3n exclusiva del usuario contar con los antivirus y herramientas adecuadas para detectar, desinfectar y\/o prevenir cualquier tipo de elementos y\/o posibles da\u00f1os de esta naturaleza.<\/p>\n\n\n\n<p>\u2013 SOLYMAR se reserva el derecho de interrumpir, suspender o modificar en cualquier momento los servicios ofrecidos en el presente sitio, ya sea en forma permanente o transitoria, sin requerir conformidad por parte de los usuarios, ni necesidad de brindar aviso previo alguno.<\/p>\n\n\n\n<p>\u2013 SOLYMAR no garantiza la exactitud de la informaci\u00f3n y datos incluidos en el sitio, por lo que no ser\u00e1 responsable por ning\u00fan error u omisi\u00f3n contenidos en su sitio.<\/p>\n\n\n\n<p>\u2013 SOLYMAR&nbsp;&nbsp;podr\u00e1 introducir todos los cambios y modificaciones que estime convenientes a su solo criterio, sobre estos t\u00e9rminos y condiciones, en cualquier momento y sin previo aviso, bastando la sola publicaci\u00f3n en el sitio de los t\u00e9rminos modificados, lo cuales entrar\u00e1n en vigor el d\u00eda de su publicaci\u00f3n.<\/p>\n\n\n\n<p>\u2013 Los T\u00e9rminos y Condiciones est\u00e1n regidos por las leyes de la Rep\u00fablica Argentina y las partes se sujetan a la jurisdicci\u00f3n exclusiva de los Tribunales Ordinarios en lo Comercial de la Rep\u00fablica Argentina renunciando as\u00ed a cualquier otro fuero o jurisdicci\u00f3n que pudiera corresponderle. Cualquier acci\u00f3n relacionada con los T\u00e9rminos debe ser presentada ante los tribunales ordinarios de la Ciudad Aut\u00f3noma de Buenos Aires y Usted acepta de manera irrevocable la jurisdicci\u00f3n pactada<\/p>\n\n\n\n<h2 class=\"wp-block-heading\"><strong>Promociones y descuentos<\/strong><\/h2>\n\n\n\n<p>Las promociones ofrecidas directamente por SOLYMAR no son acumulativas y en todos los casos se aplicar\u00e1 el beneficio mayor.<\/p>\n","protected":false},"excerpt":{"rendered":"<p>T\u00e9rminos y condiciones Gracias por acceder al Sitio web de solymarshop.com propiedad de FUTURO FINANCIERO S.R.L., al ingresar, usted est\u00e1<\/p>\n","protected":false},"author":1,"featured_media":0,"parent":0,"menu_order":0,"comment_status":"closed","ping_status":"open","template":"","meta":{"footnotes":"","_joinchat":[]},"acf":[],"jetpack_sharing_enabled":true,"_links":{"self":[{"href":"https:\/\/solymarshop.com\/index.php?rest_route=\/wp\/v2\/pages\/3"}],"collection":[{"href":"https:\/\/solymarshop.com\/index.php?rest_route=\/wp\/v2\/pages"}],"about":[{"href":"https:\/\/solymarshop.com\/index.php?rest_route=\/wp\/v2\/types\/page"}],"author":[{"embeddable":true,"href":"https:\/\/solymarshop.com\/index.php?rest_route=\/wp\/v2\/users\/1"}],"replies":[{"embeddable":true,"href":"https:\/\/solymarshop.com\/index.php?rest_route=%2Fwp%2Fv2%2Fcomments&post=3"}],"version-history":[{"count":1,"href":"https:\/\/solymarshop.com\/index.php?rest_route=\/wp\/v2\/pages\/3\/revisions"}],"predecessor-version":[{"id":321,"href":"https:\/\/solymarshop.com\/index.php?rest_route=\/wp\/v2\/pages\/3\/revisions\/321"}],"wp:attachment":[{"href":"https:\/\/solymarshop.com\/index.php?rest_route=%2Fwp%2Fv2%2Fmedia&parent=3"}],"curies":[{"name":"wp","href":"https:\/\/api.w.org\/{rel}","templated":true}]}}