{"id":457,"date":"2023-11-18T20:43:23","date_gmt":"2023-11-18T20:43:23","guid":{"rendered":"https:\/\/solymarshop.com\/?page_id=457"},"modified":"2023-11-18T20:44:10","modified_gmt":"2023-11-18T20:44:10","slug":"politicas-de-cambios-y-reintegros","status":"publish","type":"page","link":"https:\/\/solymarshop.com\/?page_id=457","title":{"rendered":"Politicas de cambios y reintegros"},"content":{"rendered":"\n<p>En SOLYMAR tenemos una pol\u00edtica clara y flexible de cambios con el fin de que nuestros clientes puedan realizar la compra de modo seguro y confiado.<\/p>\n\n\n\n<p>En el caso de que el\/la cliente\/a no se encuentre conforme con el Producto adquirido, siempre podr\u00e1 cambiarlo por cualquier otro producto de igual valor o varios productos que equivalgan o no superen al valor del comprado. No se permite la modalidad de cambio de producto por el mismo modelo, salvo que el cambio se deba a un defecto del producto.<\/p>\n\n\n\n<p>En el caso de optar por un cambio o devoluci\u00f3n (solo por falla del producto) el cliente este tendr\u00e1 que comunicarse por cualquier de nuestros medios de contacto: desde aqu\u00ed: Al whatsapp 02926-15-548271 o a&nbsp;<a href=\"mailto:info@solymarshop.com\">info@solymarshop.com<\/a>&nbsp;10 d\u00edas corridos de haber efectuado la compra, donde ser\u00e1 asesorado sobre la gesti\u00f3n de lunes a viernes de 9hs a 17hs.<\/p>\n\n\n\n<p>En caso que el cliente requiera una devoluci\u00f3n solo ser\u00e1n admitidas por falla del producto. El cargo de devoluci\u00f3n no se cobrar\u00e1 en caso de que la devoluci\u00f3n sea por producto defectuoso, error en el producto enviado o falta de disponibilidad.<br><br>Si el cliente decidiese cambiar el producto por otro solo por cuestiones de gustos, podr\u00e1 hacer pero deber\u00eda abonar el costo de envi\u00f3 o cualquier otro gasto incurrido por la misma una vez recibido y chequeada la devoluci\u00f3n.&nbsp;<\/p>\n\n\n\n<p>No se realizar\u00e1n reintegros de dinero, a excepci\u00f3n de los siguientes casos:<\/p>\n\n\n\n<p>Productos defectuosos, previa verificaci\u00f3n y aprobaci\u00f3n del departamento de control de calidad.<\/p>\n\n\n\n<p>Envi\u00f3 de Productos no solicitados. En caso de que por error de nuestro sistema de despachos le haya llegado un producto diferente al que ha comprado.<\/p>\n\n\n\n<p>El reintegro ser\u00e1 realizado, luego de ser aprobado, dentro de los 12 d\u00edas h\u00e1biles siguientes, mediante el mismo medio de pago elegido por el cliente al momento de la compra.<\/p>\n\n\n\n<p>Para poder hacer efectivo un cambio, es requisito que los productos se encuentren en perfecto estado.<\/p>\n\n\n\n<p>De haberse modificado el precio del Producto y estar dentro del plazo de 30 d\u00edas, se considerar\u00e1 el precio a la fecha de compra que figura en el ticket.<\/p>\n","protected":false},"excerpt":{"rendered":"<p>En SOLYMAR tenemos una pol\u00edtica clara y flexible de cambios con el fin de que nuestros clientes puedan realizar la<\/p>\n","protected":false},"author":2,"featured_media":0,"parent":0,"menu_order":0,"comment_status":"closed","ping_status":"closed","template":"","meta":{"footnotes":"","_joinchat":[]},"acf":[],"jetpack_sharing_enabled":true,"_links":{"self":[{"href":"https:\/\/solymarshop.com\/index.php?rest_route=\/wp\/v2\/pages\/457"}],"collection":[{"href":"https:\/\/solymarshop.com\/index.php?rest_route=\/wp\/v2\/pages"}],"about":[{"href":"https:\/\/solymarshop.com\/index.php?rest_route=\/wp\/v2\/types\/page"}],"author":[{"embeddable":true,"href":"https:\/\/solymarshop.com\/index.php?rest_route=\/wp\/v2\/users\/2"}],"replies":[{"embeddable":true,"href":"https:\/\/solymarshop.com\/index.php?rest_route=%2Fwp%2Fv2%2Fcomments&post=457"}],"version-history":[{"count":2,"href":"https:\/\/solymarshop.com\/index.php?rest_route=\/wp\/v2\/pages\/457\/revisions"}],"predecessor-version":[{"id":459,"href":"https:\/\/solymarshop.com\/index.php?rest_route=\/wp\/v2\/pages\/457\/revisions\/459"}],"wp:attachment":[{"href":"https:\/\/solymarshop.com\/index.php?rest_route=%2Fwp%2Fv2%2Fmedia&parent=457"}],"curies":[{"name":"wp","href":"https:\/\/api.w.org\/{rel}","templated":true}]}}