{"id":363,"date":"2023-11-18T00:18:14","date_gmt":"2023-11-18T00:18:14","guid":{"rendered":"https:\/\/solymarshop.com\/?post_type=product&#038;p=363"},"modified":"2024-01-30T14:33:22","modified_gmt":"2024-01-30T14:33:22","slug":"reposera-sunset-naranja","status":"publish","type":"product","link":"https:\/\/solymarshop.com\/?product=reposera-sunset-naranja","title":{"rendered":"Reposera Sunset Naranja"},"content":{"rendered":"<div>\n<p><b><u>Resistencia a la corrosi\u00f3n:<\/u><\/b> El aluminio, gracias a su capacidad natural de formar una capa protectora de \u00f3xido, es altamente resistente a la corrosi\u00f3n, asegurando una durabilidad y longevidad excepcionales en diversas condiciones ambientales.<\/p>\n<\/div>\n<div>\n<p><b><u>Peso ligero:<\/u><\/b> El aluminio pesa alrededor de un tercio de lo que pesa el acero. Esto hace que sea liviano y f\u00e1cil de transportar<\/p>\n<\/div>\n<div>\n<p><b><u>Resistente:<\/u><\/b> El aluminio tiene la relaci\u00f3n resistencia-peso m\u00e1s alta de cualquier metal.<\/p>\n<\/div>\n<div>\n<p><b><u>Reciclable:<\/u><\/b> El aluminio es reciclable al 100% sin perder ninguna de sus caracter\u00edsticas naturales.<\/p>\n<\/div>\n<div>\n<p><b><u>Estructura:<\/u><\/b> Su estructura fue dise\u00f1ada en ca\u00f1o estructural de 20 x x20 de aluminio natural para aumentar su resistencia sumado a un espesor de 1.6mm.<\/p>\n<\/div>\n<div>\n<p>\u00a0<b><u>Lona conversol:<\/u><\/b> Esta tela pl\u00e1stica es un sistema de tejido impregnado en PVC. La tela coversol micro perforada ofrece un calado peque\u00f1o, obteniendo as\u00ed tejidos frescos, d\u00factiles, atractivos a la vista y resistentes a la intemperie.<\/p>\n<\/div>\n<div>\n<p><b><u>\u00a0Fijaci\u00f3n:<\/u><\/b> El remache de aluminio convencional fue reemplazado y mejorado por tornillo de 6mm cincado.<\/p>\n<\/div>\n<div>\n<p><b><u>Anclaje apoyabrazos:<\/u><\/b> Fueron realizados con chapa N\u00aa18 pintados con pintura epoxi. Apoyabrazos: habitualmente se realizan en madera pre ensamblada o pl\u00e1stico solymar utiliza madera saligna de 1 pulgada x 4 cm de ancho sellada y protegida con silasol y laca.<\/p>\n<\/div>\n<div>\n<p><b><u>Calidad Con un dise\u00f1o c\u00f3modo y eterno:<\/u><\/b> Nuestro sill\u00f3n prioriza la funcionalidad y durabilidad. Confeccionado con tejidos de la m\u00e1s alta calidad, brinda una protecci\u00f3n UPF contra los rayos solares. Su resistencia al agua es destacable, gracias a una formulaci\u00f3n libre de fl\u00faor (sin PFC). Orgullosamente fabricado en Argentina.<\/p>\n<\/div>\n<div>\n<p><b><u>Cuidados Para asegurar una larga vida a su sill\u00f3n o reposeras:<\/u><\/b> Es recomendable limpiarlo peri\u00f3dicamente y protegerlo de la intemperie cuando no est\u00e9 en uso. Aunque no requiere un mantenimiento espec\u00edfico, un lavado ocasional con una soluci\u00f3n jabonosa suave ayudar\u00e1 a prevenir la aparici\u00f3n de moho. Luego de la limpieza, seque con un pa\u00f1o limpio y seco.<\/p>\n<\/div>\n<div>\n<p><b><u>Recomendaciones:<\/u><\/b> Almacenar en un espacio interior y seco. Si opta por guardarlo al aire libre, aseg\u00farese de cubrirlo con una funda impermeable y elimine cualquier acumulaci\u00f3n de agua en superficies planas. Garantizar la circulaci\u00f3n de aire ayudar\u00e1 a evitar la condensaci\u00f3n.<\/p>\n<\/div>\n","protected":false},"excerpt":{"rendered":"<p>Resistencia a la corrosi\u00f3n: El aluminio, gracias a su capacidad natural de formar una capa protectora de \u00f3xido, es altamente<\/p>\n","protected":false},"featured_media":351,"comment_status":"open","ping_status":"closed","template":"","meta":{"_joinchat":[]},"product_cat":[20],"product_tag":[],"acf":[],"jetpack_sharing_enabled":true,"_links":{"self":[{"href":"https:\/\/solymarshop.com\/index.php?rest_route=\/wp\/v2\/product\/363"}],"collection":[{"href":"https:\/\/solymarshop.com\/index.php?rest_route=\/wp\/v2\/product"}],"about":[{"href":"https:\/\/solymarshop.com\/index.php?rest_route=\/wp\/v2\/types\/product"}],"replies":[{"embeddable":true,"href":"https:\/\/solymarshop.com\/index.php?rest_route=%2Fwp%2Fv2%2Fcomments&post=363"}],"wp:featuredmedia":[{"embeddable":true,"href":"https:\/\/solymarshop.com\/index.php?rest_route=\/wp\/v2\/media\/351"}],"wp:attachment":[{"href":"https:\/\/solymarshop.com\/index.php?rest_route=%2Fwp%2Fv2%2Fmedia&parent=363"}],"wp:term":[{"taxonomy":"product_cat","embeddable":true,"href":"https:\/\/solymarshop.com\/index.php?rest_route=%2Fwp%2Fv2%2Fproduct_cat&post=363"},{"taxonomy":"product_tag","embeddable":true,"href":"https:\/\/solymarshop.com\/index.php?rest_route=%2Fwp%2Fv2%2Fproduct_tag&post=363"}],"curies":[{"name":"wp","href":"https:\/\/api.w.org\/{rel}","templated":true}]}}